{"id":1356,"date":"2024-01-16T02:26:20","date_gmt":"2024-01-16T02:26:20","guid":{"rendered":"https:\/\/biotecnin.com\/?post_type=product&#038;p=1356"},"modified":"2024-02-13T20:05:49","modified_gmt":"2024-02-13T20:05:49","slug":"biotecnin-olores-aroma-mar-fresco-2-botellas-de-1-litro","status":"publish","type":"product","link":"https:\/\/biotecnin.com\/index.php\/producto\/biotecnin-olores-aroma-mar-fresco-2-botellas-de-1-litro\/","title":{"rendered":"BIOTECNIN OLORES AROMA MAR FRESCO 2 BOTELLAS DE 1 LITRO"},"content":{"rendered":"<div class=\"ast-woocommerce-container\">\n<div id=\"product-1335\" class=\"ast-article-single ast-woo-product-no-review product type-product post-1335 status-publish first instock product_cat-biotecnologia product_cat-olores product_tag-biotecnin-olores has-post-thumbnail sold-individually shipping-taxable purchasable product-type-simple\">\n<div class=\"woocommerce-tabs wc-tabs-wrapper\">\n<div id=\"tab-description\" class=\"woocommerce-Tabs-panel woocommerce-Tabs-panel--description panel entry-content wc-tab\" role=\"tabpanel\" aria-labelledby=\"tab-title-description\">\n<p><strong>BIOTECNIN OLORES es una bioformulaci\u00f3n de Bacterias, hongos, enzimas y tensoactivos INOFENSIVOS PARA EL HUMANO Y TUS MASCOTAS que favorecen la actividad de biodegradaci\u00f3n natural de materia org\u00e1nica sin generar malos olores, es decir elimina el origen de los malos olores presentes en \u00e1reas de presencia de mascotas. Es altamente efectivo para eliminar olores ocasionados por heces fecales, orina, vomito y en general materia org\u00e1nica asociada a la presencia de mascotas.<br \/>\n<\/strong><\/p>\n<p><strong>Acelera la biodegradaci\u00f3n natural de materiale sorg\u00e1nicos que impregnan las superficies donde recurrentemente las mascotas depositan sus desechos. Esta labor de biodegradaci\u00f3n la ejecutan en competencia con las bacterias nativas, regularmente de origen fecal quecontribuyen a condiciones insalubres y generaci\u00f3n de malos olores.<\/strong><\/p>\n<\/div>\n<h4><\/h4>\n<div id=\"tab-description\" class=\"woocommerce-Tabs-panel woocommerce-Tabs-panel--description panel entry-content wc-tab\" role=\"tabpanel\" aria-labelledby=\"tab-title-description\">\n<h4><strong>Aroma: Natural Sin Aroma<br \/>\nPresentaci\u00f3n: PROMOCI\u00d3N 2 BOTELLAS DE BIOTECNIN OLORES AROMA MAR FRESCO DE 1 LITRO.<\/strong><\/h4>\n<h4><strong>Superficies: Interior y Exterior<\/strong><\/h4>\n<h3><strong>Beneficios:<\/strong><\/h3>\n<p><strong>\u2022 Control constante de malos olores.<\/strong><br \/>\n<strong>\u2022 Contiene microorganismos seleccionados naturales, altamente efectivos en la degradaci\u00f3n<\/strong><br \/>\n<strong>de materia org\u00e1nica sin generar gases mal olientes y corrosivos.<\/strong><br \/>\n<strong>\u2022 Elimina la fuente origen de los malos olores.<\/strong><br \/>\n<strong>\u2022 100% Biodegradable.<\/strong><br \/>\n<strong>\u2022 Inhibe la proliferaci\u00f3n de microorganismos potencialmente pat\u00f3genos.<\/strong><br \/>\n<strong>\u2022 Los microorganismos contenidos son muy efectivos en la biodegradaci\u00f3n de materia org\u00e1nica en general.<\/strong><br \/>\n<strong>\u2022 BIOTECNIN OLORES es seguro en su manejo y almacenamiento, no es corrosivo ni presenta ninguna clase de riesgo.<\/strong><br \/>\n<strong>\u2022 Los microorganismos contenidos son totalmente inofensivos para personas,animales y plantas.<\/strong><\/p>\n<p>&nbsp;<\/p>\n<h4><strong>Aplicaciones:<\/strong><\/h4>\n<p><strong>\u2022 \u00c1reas abiertas designadas para que las mascotas hagan sus necesidades como patios,jardines, etc.<\/strong><br \/>\n<strong>\u2022 \u00c1reas de descanso como colchonetas, camas y casas de mascotas.<\/strong><br \/>\n<strong>\u2022 Mantenimiento de muebles acolchonados, alfombras.<\/strong><br \/>\n<strong>\u2022 Areneros para gatos.<\/strong><br \/>\n<strong>\u2022 Contenedores de basura.<\/strong><\/p>\n<\/div>\n<\/div>\n<\/div>\n<\/div>\n<p>&nbsp;<\/p>\n","protected":false},"excerpt":{"rendered":"<p>BIOTECNIN OLORES es una bioformulaci\u00f3n de Bacterias, hongos, enzimas y tensoactivos INOFENSIVOS PARA EL HUMANO Y TUS MASCOTAS que favorecen la actividad de biodegradaci\u00f3n natural de materia org\u00e1nica sin generar malos olores, es decir elimina el origen de los malos olores presentes en \u00e1reas de presencia de mascotas. Es altamente efectivo para eliminar olores ocasionados &hellip;<\/p>\n<p class=\"read-more\"> <a class=\"\" href=\"https:\/\/biotecnin.com\/index.php\/producto\/biotecnin-olores-aroma-mar-fresco-2-botellas-de-1-litro\/\"> <span class=\"screen-reader-text\">BIOTECNIN OLORES AROMA MAR FRESCO 2 BOTELLAS DE 1 LITRO<\/span> Leer m\u00e1s &raquo;<\/a><\/p>\n","protected":false},"featured_media":1367,"comment_status":"open","ping_status":"closed","template":"","meta":{"site-sidebar-layout":"default","site-content-layout":"default","ast-main-header-display":"","ast-hfb-above-header-display":"","ast-hfb-below-header-display":"","ast-hfb-mobile-header-display":"","site-post-title":"","ast-breadcrumbs-content":"","ast-featured-img":"","footer-sml-layout":"","theme-transparent-header-meta":"default","adv-header-id-meta":"","stick-header-meta":"","header-above-stick-meta":"","header-main-stick-meta":"","header-below-stick-meta":""},"product_cat":[147,150],"product_tag":[152],"aioseo_notices":[],"_links":{"self":[{"href":"https:\/\/biotecnin.com\/index.php\/wp-json\/wp\/v2\/product\/1356"}],"collection":[{"href":"https:\/\/biotecnin.com\/index.php\/wp-json\/wp\/v2\/product"}],"about":[{"href":"https:\/\/biotecnin.com\/index.php\/wp-json\/wp\/v2\/types\/product"}],"replies":[{"embeddable":true,"href":"https:\/\/biotecnin.com\/index.php\/wp-json\/wp\/v2\/comments?post=1356"}],"wp:featuredmedia":[{"embeddable":true,"href":"https:\/\/biotecnin.com\/index.php\/wp-json\/wp\/v2\/media\/1367"}],"wp:attachment":[{"href":"https:\/\/biotecnin.com\/index.php\/wp-json\/wp\/v2\/media?parent=1356"}],"wp:term":[{"taxonomy":"product_cat","embeddable":true,"href":"https:\/\/biotecnin.com\/index.php\/wp-json\/wp\/v2\/product_cat?post=1356"},{"taxonomy":"product_tag","embeddable":true,"href":"https:\/\/biotecnin.com\/index.php\/wp-json\/wp\/v2\/product_tag?post=1356"}],"curies":[{"name":"wp","href":"https:\/\/api.w.org\/{rel}","templated":true}]}}